{"id":3524,"date":"2021-08-14T13:38:45","date_gmt":"2021-08-14T12:38:45","guid":{"rendered":"https:\/\/www.heinbuismanstichting.nl\/site\/?page_id=3524"},"modified":"2021-10-22T15:05:07","modified_gmt":"2021-10-22T13:05:07","slug":"rondwandeling-02","status":"publish","type":"page","link":"https:\/\/www.heinbuismanstichting.nl\/site\/rondwandeling-02\/","title":{"rendered":"Rondwandeling 02"},"content":{"rendered":"\n    \n    <section class=\"u-clearfix u-section-2\" id=\"sec-e939\">\n      <div class=\"u-clearfix u-sheet u-valign-middle-xs u-sheet-1\">\n        <div class=\"u-container-style u-expanded-width-xs u-group u-shape-rectangle u-group-1\">\n          <div class=\"u-container-layout u-valign-top u-container-layout-1\">\n            <h2 class=\"u-align-center u-text u-text-1\"> S T A D S W A N D E L I N G <i>\n                <br>40 jaar\nrestauratie ervaring<br> in Harlingen<br>deel 2<br><\/i>\n            <\/h2>\n          <\/div>\n        <\/div>\n      <\/div>\n    <\/section>\n    <section class=\"u-align-center u-clearfix u-palette-1-base u-section-3\" id=\"sec-de03\">\n      <div class=\"u-clearfix u-sheet u-valign-middle-xl u-sheet-1\">\n        <h6 class=\"u-text u-text-1\"><b>Halverwege de straat loopt u linksaf de Vijver&nbsp; in. ( de straat..)<\/b><b>&nbsp;<\/b>\n        <\/h6>\n      <\/div>\n    <\/section>\n    <section class=\"u-clearfix u-section-4\" id=\"sec-1f14\">\n      <div class=\"u-clearfix u-sheet u-valign-middle u-sheet-1\">\n        <div class=\"u-clearfix u-gutter-0 u-layout-spacing-vertical u-layout-wrap u-layout-wrap-1\">\n          <div class=\"u-layout\">\n            <div class=\"u-layout-row\">\n              <div class=\"u-align-left u-container-style u-layout-cell u-left-cell u-size-51 u-layout-cell-1\">\n                <div class=\"u-container-layout u-container-layout-1\">\n                  <h2 class=\"u-text u-text-1\"><i>Vijver nr 2-4<\/i>\n                  <\/h2>\n                  <p class=\"u-text u-text-2\"> Nr. 2\/4 [1974]&nbsp; Deze panden dateren uit het midden van de 17e\neeuw en worden nu als \u00e9\u00e9n pand gebruikt. Het lijken tweelinggevels maar in\ndetail zijn er grote verschillen. Nr. 2 heeft een pothuis in de Hondenstraat.\nNr. 4 werd in 1654 gekocht door de bekende Friese zeeheld Tjerck Hiddes de\nVries. Hij was luitenant-admiraal bij de Friese Admiraliteit.&nbsp; (1622-1666). Hij kocht het pand voor 1000\ngoudguldens. Voor die tijd een aanzienlijk bedrag <\/p>\n                <\/div>\n              <\/div>\n              <div class=\"u-container-style u-image u-layout-cell u-right-cell u-size-9 u-image-1\" src=\"\" data-image-width=\"640\" data-image-height=\"480\">\n                <div class=\"u-container-layout u-container-layout-2\"><\/div>\n              <\/div>\n            <\/div>\n          <\/div>\n        <\/div>\n      <\/div>\n    <\/section>\n    <section class=\"u-clearfix u-section-5\" id=\"sec-ddb9\">\n      <div class=\"u-clearfix u-sheet u-valign-middle-xl u-sheet-1\">\n        <div class=\"u-clearfix u-expanded-width-lg u-expanded-width-md u-expanded-width-sm u-expanded-width-xs u-gutter-0 u-layout-spacing-vertical u-layout-wrap u-layout-wrap-1\">\n          <div class=\"u-layout\">\n            <div class=\"u-layout-row\">\n              <div class=\"u-align-left u-container-style u-layout-cell u-left-cell u-size-51 u-layout-cell-1\">\n                <div class=\"u-container-layout u-container-layout-1\">\n                  <h2 class=\"u-text u-text-1\"><i>'Vijver nr 6<\/i>\n                  <\/h2>\n                  <p class=\"u-text u-text-2\"> Vijver nr. 6\n[1974] Een topgevel voor een zadeldak, gemetseld van bruinrode steen met\nvlechtingen langs de dakrand. <\/p>\n                <\/div>\n              <\/div>\n              <div class=\"u-container-style u-image u-layout-cell u-right-cell u-size-9 u-image-1\" src=\"\" data-image-width=\"640\" data-image-height=\"480\">\n                <div class=\"u-container-layout u-container-layout-2\"><\/div>\n              <\/div>\n            <\/div>\n          <\/div>\n        <\/div>\n      <\/div>\n    <\/section>\n    <section class=\"u-clearfix u-section-6\" id=\"sec-e956\">\n      <div class=\"u-clearfix u-sheet u-valign-middle u-sheet-1\">\n        <div class=\"u-clearfix u-gutter-0 u-layout-spacing-vertical u-layout-wrap u-layout-wrap-1\">\n          <div class=\"u-layout\">\n            <div class=\"u-layout-row\">\n              <div class=\"u-align-left u-container-style u-layout-cell u-left-cell u-size-51 u-layout-cell-1\">\n                <div class=\"u-container-layout u-container-layout-1\">\n                  <h2 class=\"u-text u-text-1\"><i>Vijver nr 8 en 10<\/i>\n                  <\/h2>\n                  <p class=\"u-text u-text-2\"> Vijver nr. 8\n[1974] E\u00e9n bouwlaag en een dwars-geplaatst zadeldak tussen topgevels waarvan de\nranden vlechtwerk vertonen. Een forse kajuit met een negenruits schuifvenster. \nVijver nr. 10\n[1974] Klein pand met de voordeur bijna tot aan de dakgoot. <\/p>\n                <\/div>\n              <\/div>\n              <div class=\"u-container-style u-image u-layout-cell u-right-cell u-size-9 u-image-1\" src=\"\" data-image-width=\"640\" data-image-height=\"480\">\n                <div class=\"u-container-layout u-container-layout-2\"><\/div>\n              <\/div>\n            <\/div>\n          <\/div>\n        <\/div>\n      <\/div>\n    <\/section>\n    <section class=\"u-clearfix u-section-7\" id=\"sec-69bc\">\n      <div class=\"u-clearfix u-sheet u-valign-middle u-sheet-1\">\n        <div class=\"u-clearfix u-gutter-0 u-layout-spacing-vertical u-layout-wrap u-layout-wrap-1\">\n          <div class=\"u-layout\">\n            <div class=\"u-layout-row\">\n              <div class=\"u-align-left u-container-style u-layout-cell u-left-cell u-size-51 u-layout-cell-1\">\n                <div class=\"u-container-layout u-container-layout-1\">\n                  <h2 class=\"u-text u-text-1\"><i>Vijver nr 12<\/i>\n                  <\/h2>\n                  <p class=\"u-text u-text-2\"> Vijver nr. 12\n[1974] Een nieuw gebouwd huis. Aan de zijkant is een kofschipsteen aangebracht,\nafkomstig uit een gesloopt pand. De steen is eigendom van de gemeente\nHarlingen. Een spiegelbeeld van deze gevelsteen vindt u in de Vijverstraat (nr.\n2\/4). Andere restauraties in de Vijverstraat&nbsp;\nnrs. 12- 14\/16. <\/p>\n                <\/div>\n              <\/div>\n              <div class=\"u-container-style u-image u-layout-cell u-right-cell u-size-9 u-image-1\" src=\"\" data-image-width=\"640\" data-image-height=\"480\">\n                <div class=\"u-container-layout u-container-layout-2\"><\/div>\n              <\/div>\n            <\/div>\n          <\/div>\n        <\/div>\n      <\/div>\n    <\/section>\n    <section class=\"u-align-center u-clearfix u-palette-1-base u-section-8\" id=\"sec-24e6\">\n      <div class=\"u-clearfix u-sheet u-valign-middle-xl u-sheet-1\">\n        <h6 class=\"u-text u-text-1\"><b> Op\nde hoek Vijver 12 gaat u linksaf en bij de Kleine Ossenmarkt, rechts. <\/b>\n        <\/h6>\n      <\/div>\n    <\/section>\n    <section class=\"u-clearfix u-section-9\" id=\"sec-904f\">\n      <div class=\"u-clearfix u-sheet u-valign-middle u-sheet-1\">\n        <div class=\"u-clearfix u-gutter-0 u-layout-spacing-vertical u-layout-wrap u-layout-wrap-1\">\n          <div class=\"u-layout\">\n            <div class=\"u-layout-row\">\n              <div class=\"u-align-left u-container-style u-layout-cell u-left-cell u-size-51 u-layout-cell-1\">\n                <div class=\"u-container-layout u-container-layout-1\">\n                  <h2 class=\"u-text u-text-1\"><i>'Kleine Ossenmarkt nr 10<\/i>\n                  <\/h2>\n                  <p class=\"u-text u-text-2\"> Op nrs. 8\/10\n[1985] twee panden die tot \u00e9\u00e9n woning zijn verbouwd. Het paar panden onder \u00e9\u00e9n\ndoorlopende kap verschilt onderling op vele punten. O.a. de vloerhoogte van de\nverdieping, de kleur van de gebruikte baksteen, de vorm en indeling van de\nramen.\nDe panden in\ndeze straat werden veelvuldig bewoond . Het waren eerder mensenpakhuizen dan\nwoningen. Het straatje dat u bent gepasseerd heeft de naam <b><i>Pothondjessteeg.<\/i><\/b>\n                  <\/p>\n                <\/div>\n              <\/div>\n              <div class=\"u-container-style u-image u-layout-cell u-right-cell u-size-9 u-image-1\" src=\"\" data-image-width=\"640\" data-image-height=\"480\">\n                <div class=\"u-container-layout u-container-layout-2\"><\/div>\n              <\/div>\n            <\/div>\n          <\/div>\n        <\/div>\n      <\/div>\n    <\/section>\n    <section class=\"u-align-center u-clearfix u-palette-1-base u-section-10\" id=\"sec-09ea\">\n      <div class=\"u-clearfix u-sheet u-valign-middle-xl u-sheet-1\">\n        <h6 class=\"u-text u-text-1\"><b><b>Aan het einde van de Kleine Ossenmarkt gaat u links. = Schritsen. U\nsteekt over naar de lage kant.<\/b><\/b>\n        <\/h6>\n      <\/div>\n    <\/section>\n    <section class=\"u-clearfix u-section-11\" id=\"sec-9e86\">\n      <div class=\"u-clearfix u-sheet u-valign-middle u-sheet-1\">\n        <div class=\"u-clearfix u-gutter-0 u-layout-spacing-vertical u-layout-wrap u-layout-wrap-1\">\n          <div class=\"u-layout\">\n            <div class=\"u-layout-row\">\n              <div class=\"u-align-left u-container-style u-layout-cell u-left-cell u-size-51 u-layout-cell-1\">\n                <div class=\"u-container-layout u-container-layout-1\">\n                  <h2 class=\"u-text u-text-1\"><i>Schritsen nr 39<\/i>\n                  <\/h2>\n                  <p class=\"u-text u-text-2\"> Ook hier een\ngedempte gracht. Het westelijk deel van deze straat heet Grote Ossenmarkt. Na\nvele jaren bouwval werd in 1988 Schritsen 25 gerestaureerd.\nOp nr. 39 een\nwinkelhuis [1986]. U gaat een kijkje in de toekomst nemen. <\/p>\n                <\/div>\n              <\/div>\n              <div class=\"u-container-style u-image u-layout-cell u-right-cell u-size-9 u-image-1\" src=\"\" data-image-width=\"640\" data-image-height=\"480\">\n                <div class=\"u-container-layout u-container-layout-2\"><\/div>\n              <\/div>\n            <\/div>\n          <\/div>\n        <\/div>\n      <\/div>\n    <\/section>\n    <section class=\"u-clearfix u-section-12\" id=\"sec-3e9c\">\n      <div class=\"u-clearfix u-sheet u-valign-middle u-sheet-1\">\n        <div class=\"u-clearfix u-gutter-0 u-layout-spacing-vertical u-layout-wrap u-layout-wrap-1\">\n          <div class=\"u-layout\">\n            <div class=\"u-layout-row\">\n              <div class=\"u-align-left u-container-style u-layout-cell u-left-cell u-size-51 u-layout-cell-1\">\n                <div class=\"u-container-layout u-container-layout-1\">\n                  <h2 class=\"u-text u-text-1\"><i>Schritsen nr 36<\/i>\n                  <\/h2>\n                  <p class=\"u-text u-text-2\"> Het pand nr.\n36 is recent door de Stichting aangekocht. (restauratie in 2004). Het is een\npand uit de vroege 17 e eeuw. Het woonhuis was lange tijd gesplitst; de\nbovenwoning had een deur aan de zijkant. De voorgevel wordt gezien als een&nbsp; \u2018juweeltje\u2019. De gevel is gemetseld van friese\ngeeltjes. De benedenverdieping laat sporen van verbouwingen en reparaties zien.\nDe geveltop is bijzonder, zes trappen, alle met geprofileerde dekplaten van\nzandsteen. <\/p>\n                <\/div>\n              <\/div>\n              <div class=\"u-container-style u-image u-layout-cell u-right-cell u-size-9 u-image-1\" src=\"\" data-image-width=\"480\" data-image-height=\"640\">\n                <div class=\"u-container-layout u-container-layout-2\"><\/div>\n              <\/div>\n            <\/div>\n          <\/div>\n        <\/div>\n      <\/div>\n    <\/section>\n    <section class=\"u-align-center u-clearfix u-palette-1-base u-section-13\" id=\"sec-f4d7\">\n      <div class=\"u-clearfix u-sheet u-valign-middle-xl u-sheet-1\">\n        <h6 class=\"u-text u-text-1\"><b> Bij\nde Raamstraat slaat u rechtsaf. <\/b>\n        <\/h6>\n      <\/div>\n    <\/section>\n    <section class=\"u-clearfix u-section-14\" id=\"sec-980a\">\n      <div class=\"u-clearfix u-sheet u-valign-middle u-sheet-1\">\n        <div class=\"u-clearfix u-gutter-0 u-layout-spacing-vertical u-layout-wrap u-layout-wrap-1\">\n          <div class=\"u-layout\">\n            <div class=\"u-layout-row\">\n              <div class=\"u-align-left u-container-style u-layout-cell u-left-cell u-size-51 u-layout-cell-1\">\n                <div class=\"u-container-layout u-container-layout-1\">\n                  <h2 class=\"u-text u-text-1\"><i>Raamstraat nr 7<\/i>\n                  <\/h2>\n                  <p class=\"u-text u-text-2\"> Nr. 7 [1974] \u200bDit monumentale pand is ongeveer gebouwd in 1656. In die tijd woonden er verschillende burgemeesters. Rond 1729 kreeg het pand de naam waar \"De Steur\" uithangt. Jan Valkenier die handel met het Noorden dreef en met de walvisvaart van doen had, heeft er gewoond. Tot 1974 heeft het huis veel\nveranderingen moeten ondergaan. Het souterrain was in het verleden het domein\nvan de meiden en knechts. Bij de restauratie is de deur ondergebracht in een\nhistoriserende stijl verbouwde aanbouw. Het monument is gemetseld van de\nplaatselijke gele steen en heeft een zadeldak met donkergrijs gesmoorde\nHollandse pannen. Links van dit pand de plaats waarop de&nbsp; joodse synagoge stond (zie plaquette). <\/p>\n                <\/div>\n              <\/div>\n              <div class=\"u-container-style u-image u-layout-cell u-right-cell u-size-9 u-image-1\" src=\"\" data-image-width=\"480\" data-image-height=\"640\">\n                <div class=\"u-container-layout u-container-layout-2\"><\/div>\n              <\/div>\n            <\/div>\n          <\/div>\n        <\/div>\n      <\/div>\n    <\/section>\n    <section class=\"u-align-center u-clearfix u-palette-1-base u-section-15\" id=\"sec-cd1a\">\n      <div class=\"u-clearfix u-sheet u-valign-middle-xl u-sheet-1\">\n        <h6 class=\"u-text u-text-1\"><b> Aan\nhet einde van de Raamstraat slaat u linksaf de Zuiderhaven op. <\/b>\n        <\/h6>\n      <\/div>\n    <\/section>\n    <section class=\"u-clearfix u-section-16\" id=\"sec-365e\">\n      <div class=\"u-clearfix u-sheet u-valign-middle-lg u-valign-middle-md u-valign-middle-xl u-sheet-1\">\n        <div class=\"u-clearfix u-gutter-0 u-layout-spacing-vertical u-layout-wrap u-layout-wrap-1\">\n          <div class=\"u-layout\">\n            <div class=\"u-layout-row\">\n              <div class=\"u-align-left u-container-style u-layout-cell u-left-cell u-size-51 u-layout-cell-1\">\n                <div class=\"u-container-layout u-container-layout-1\">\n                  <h2 class=\"u-text u-text-1\"><i>R.K. kerk<\/i>\n                  <\/h2>\n                  <p class=\"u-text u-text-2\"> Even een heel\nander beeld. Aan de overkant de kaalslag waar vroeger scheepswerf Welgelegen\nwas en het verpleeghuis Dukdalf dat binnenkort&nbsp;\nwordt gesloten.\nLinks de&nbsp; in 1880 gebouwde R. K. Kerk (architect Alfred\nTepe). <\/p>\n                  <a href=\"https:\/\/www.heinbuismanstichting.nl\/site\/rondwandeling-03\/\" class=\"u-btn u-btn-round u-button-style u-hover-palette-1-light-1 u-palette-1-base u-radius-50 u-btn-1\">vervolg route 3<\/a>\n                <\/div>\n              <\/div>\n              <div class=\"u-container-style u-image u-layout-cell u-right-cell u-size-9 u-image-1\" src=\"\" data-image-width=\"168\" data-image-height=\"266\">\n                <div class=\"u-container-layout u-container-layout-2\"><\/div>\n              <\/div>\n            <\/div>\n          <\/div>\n        <\/div>\n      <\/div>\n    <\/section>\n    \n    \n  \n","protected":false},"excerpt":{"rendered":"<p>S T A D S W A N D E L I N G 40 jaar restauratie ervaring in Harlingendeel 2 Halverwege de straat loopt u linksaf de Vijver&nbsp; in. ( de straat..)&nbsp; Vijver nr 2-4 Nr. 2\/4 [1974]&nbsp; Deze panden dateren uit het midden van de 17e eeuw en worden nu als \u00e9\u00e9n pand &hellip; <a href=\"https:\/\/www.heinbuismanstichting.nl\/site\/rondwandeling-02\/\" class=\"more-link\">Continue reading<span class=\"screen-reader-text\"> &#8220;Rondwandeling 02&#8221;<\/span><\/a><\/p>\n","protected":false},"author":3585,"featured_media":0,"parent":0,"menu_order":0,"comment_status":"closed","ping_status":"closed","template":"","meta":{"footnotes":""},"class_list":["post-3524","page","type-page","status-publish","hentry"],"_links":{"self":[{"href":"https:\/\/www.heinbuismanstichting.nl\/site\/wp-json\/wp\/v2\/pages\/3524","targetHints":{"allow":["GET"]}}],"collection":[{"href":"https:\/\/www.heinbuismanstichting.nl\/site\/wp-json\/wp\/v2\/pages"}],"about":[{"href":"https:\/\/www.heinbuismanstichting.nl\/site\/wp-json\/wp\/v2\/types\/page"}],"author":[{"embeddable":true,"href":"https:\/\/www.heinbuismanstichting.nl\/site\/wp-json\/wp\/v2\/users\/3585"}],"replies":[{"embeddable":true,"href":"https:\/\/www.heinbuismanstichting.nl\/site\/wp-json\/wp\/v2\/comments?post=3524"}],"version-history":[{"count":10,"href":"https:\/\/www.heinbuismanstichting.nl\/site\/wp-json\/wp\/v2\/pages\/3524\/revisions"}],"predecessor-version":[{"id":3615,"href":"https:\/\/www.heinbuismanstichting.nl\/site\/wp-json\/wp\/v2\/pages\/3524\/revisions\/3615"}],"wp:attachment":[{"href":"https:\/\/www.heinbuismanstichting.nl\/site\/wp-json\/wp\/v2\/media?parent=3524"}],"curies":[{"name":"wp","href":"https:\/\/api.w.org\/{rel}","templated":true}]}}